{"id":11,"date":"2023-12-27T14:58:42","date_gmt":"2023-12-27T14:58:42","guid":{"rendered":"https:\/\/sitemakers.com.br\/bm\/?page_id=11"},"modified":"2024-03-05T08:55:28","modified_gmt":"2024-03-05T11:55:28","slug":"home","status":"publish","type":"page","link":"https:\/\/sitemakers.com.br\/bm\/","title":{"rendered":"Home"},"content":{"rendered":"\t\t<div data-elementor-type=\"wp-page\" data-elementor-id=\"11\" class=\"elementor elementor-11\" data-elementor-post-type=\"page\">\n\t\t\t\t\t\t\t<div class=\"elementor-element elementor-element-a6257ca e-flex e-con-boxed elementor-invisible e-con e-parent\" data-id=\"a6257ca\" data-element_type=\"container\" data-settings=\"{&quot;background_background&quot;:&quot;slideshow&quot;,&quot;animation&quot;:&quot;fadeIn&quot;,&quot;background_slideshow_gallery&quot;:[{&quot;id&quot;:287,&quot;url&quot;:&quot;https:\\\/\\\/sitemakers.com.br\\\/bm\\\/wp-content\\\/uploads\\\/2024\\\/02\\\/reg-tech-compliance-slide-01.jpg&quot;},{&quot;id&quot;:381,&quot;url&quot;:&quot;https:\\\/\\\/sitemakers.com.br\\\/bm\\\/wp-content\\\/uploads\\\/2024\\\/03\\\/reg-tech-compliance-slide-06.jpg&quot;},{&quot;id&quot;:377,&quot;url&quot;:&quot;https:\\\/\\\/sitemakers.com.br\\\/bm\\\/wp-content\\\/uploads\\\/2024\\\/03\\\/reg-tech-compliance-slide-05.jpg&quot;},{&quot;id&quot;:290,&quot;url&quot;:&quot;https:\\\/\\\/sitemakers.com.br\\\/bm\\\/wp-content\\\/uploads\\\/2024\\\/02\\\/reg-tech-compliance-slide-04.jpg&quot;}],&quot;background_slideshow_slide_transition&quot;:&quot;slide_right&quot;,&quot;background_slideshow_ken_burns&quot;:&quot;yes&quot;,&quot;content_width&quot;:&quot;boxed&quot;,&quot;background_slideshow_loop&quot;:&quot;yes&quot;,&quot;background_slideshow_slide_duration&quot;:5000,&quot;background_slideshow_transition_duration&quot;:500,&quot;background_slideshow_ken_burns_zoom_direction&quot;:&quot;in&quot;}\" data-core-v316-plus=\"true\">\n\t\t\t\t\t<div class=\"e-con-inner\">\n\t\t<div class=\"elementor-element elementor-element-d6cc51d e-con-full e-flex e-con e-child\" data-id=\"d6cc51d\" data-element_type=\"container\" data-settings=\"{&quot;content_width&quot;:&quot;full&quot;}\">\n\t\t\t\t<div class=\"elementor-element elementor-element-d4793c7 elementor-widget elementor-widget-heading\" data-id=\"d4793c7\" data-element_type=\"widget\" data-widget_type=\"heading.default\">\n\t\t\t\t<div class=\"elementor-widget-container\">\n\t\t\t<style>\/*! elementor - v3.18.0 - 20-12-2023 *\/\n.elementor-heading-title{padding:0;margin:0;line-height:1}.elementor-widget-heading .elementor-heading-title[class*=elementor-size-]>a{color:inherit;font-size:inherit;line-height:inherit}.elementor-widget-heading .elementor-heading-title.elementor-size-small{font-size:15px}.elementor-widget-heading .elementor-heading-title.elementor-size-medium{font-size:19px}.elementor-widget-heading .elementor-heading-title.elementor-size-large{font-size:29px}.elementor-widget-heading .elementor-heading-title.elementor-size-xl{font-size:39px}.elementor-widget-heading .elementor-heading-title.elementor-size-xxl{font-size:59px}<\/style><h2 class=\"elementor-heading-title elementor-size-default\">Reg Tech Compliance<\/h2>\t\t<\/div>\n\t\t\t\t<\/div>\n\t\t\t\t<div class=\"elementor-element elementor-element-fc1085f elementor-widget elementor-widget-heading\" data-id=\"fc1085f\" data-element_type=\"widget\" data-widget_type=\"heading.default\">\n\t\t\t\t<div class=\"elementor-widget-container\">\n\t\t\t<h2 class=\"elementor-heading-title elementor-size-default\">MISSION<\/h2>\t\t<\/div>\n\t\t\t\t<\/div>\n\t\t\t\t<div class=\"elementor-element elementor-element-63d3682 elementor-widget elementor-widget-heading\" data-id=\"63d3682\" data-element_type=\"widget\" data-widget_type=\"heading.default\">\n\t\t\t\t<div class=\"elementor-widget-container\">\n\t\t\t<h2 class=\"elementor-heading-title elementor-size-default\">Unsere Mission bei RTC ist es, unser Know-How daf\u00fcr einzusetzen, dass Produkte und Dienstleistungen unserer Kunden jederzeit sicher f\u00fcr Patienten, Anwender und Dritte sind, um so Ihrer Zweckbestimmung gerecht  werden zu k\u00f6nnen und ein H\u00f6chstma\u00df an Sicherheit garantieren. \n<\/h2>\t\t<\/div>\n\t\t\t\t<\/div>\n\t\t\t\t<div class=\"elementor-element elementor-element-69e6cf4 elementor-align-left elementor-invisible elementor-widget elementor-widget-button\" data-id=\"69e6cf4\" data-element_type=\"widget\" data-settings=\"{&quot;_animation&quot;:&quot;fadeInLeft&quot;}\" data-widget_type=\"button.default\">\n\t\t\t\t<div class=\"elementor-widget-container\">\n\t\t\t\t\t<div class=\"elementor-button-wrapper\">\n\t\t\t<a class=\"elementor-button elementor-button-link elementor-size-sm\" href=\"https:\/\/sitemakers.com.br\/bm\/index.php\/wer-wir-sind\/\">\n\t\t\t\t\t\t<span class=\"elementor-button-content-wrapper\">\n\t\t\t\t\t\t<span class=\"elementor-button-icon elementor-align-icon-right\">\n\t\t\t\t<svg aria-hidden=\"true\" class=\"e-font-icon-svg e-fas-arrow-right\" viewBox=\"0 0 448 512\" xmlns=\"http:\/\/www.w3.org\/2000\/svg\"><path d=\"M190.5 66.9l22.2-22.2c9.4-9.4 24.6-9.4 33.9 0L441 239c9.4 9.4 9.4 24.6 0 33.9L246.6 467.3c-9.4 9.4-24.6 9.4-33.9 0l-22.2-22.2c-9.5-9.5-9.3-25 .4-34.3L311.4 296H24c-13.3 0-24-10.7-24-24v-32c0-13.3 10.7-24 24-24h287.4L190.9 101.2c-9.8-9.3-10-24.8-.4-34.3z\"><\/path><\/svg>\t\t\t<\/span>\n\t\t\t\t\t\t<span class=\"elementor-button-text\">Wer wir sind<\/span>\n\t\t<\/span>\n\t\t\t\t\t<\/a>\n\t\t<\/div>\n\t\t\t\t<\/div>\n\t\t\t\t<\/div>\n\t\t\t\t<\/div>\n\t\t<div class=\"elementor-element elementor-element-7ffbe01 e-con-full e-flex e-con e-child\" data-id=\"7ffbe01\" data-element_type=\"container\" data-settings=\"{&quot;content_width&quot;:&quot;full&quot;}\">\n\t\t\t\t<\/div>\n\t\t\t\t\t<\/div>\n\t\t\t\t<\/div>\n\t\t\t\t\t\t\t<\/div>\n\t\t","protected":false},"excerpt":{"rendered":"<p>Reg Tech Compliance MISSION Unsere Mission bei RTC ist es, unser Know-How daf\u00fcr einzusetzen, dass Produkte und Dienstleistungen unserer Kunden jederzeit sicher f\u00fcr Patienten, Anwender und Dritte sind, um so Ihrer Zweckbestimmung gerecht werden zu k\u00f6nnen und ein H\u00f6chstma\u00df an Sicherheit garantieren. Wer wir sind<\/p>\n","protected":false},"author":1,"featured_media":0,"parent":0,"menu_order":0,"comment_status":"closed","ping_status":"closed","template":"elementor_header_footer","meta":{"footnotes":""},"class_list":["post-11","page","type-page","status-publish","hentry"],"_links":{"self":[{"href":"https:\/\/sitemakers.com.br\/bm\/index.php\/wp-json\/wp\/v2\/pages\/11","targetHints":{"allow":["GET"]}}],"collection":[{"href":"https:\/\/sitemakers.com.br\/bm\/index.php\/wp-json\/wp\/v2\/pages"}],"about":[{"href":"https:\/\/sitemakers.com.br\/bm\/index.php\/wp-json\/wp\/v2\/types\/page"}],"author":[{"embeddable":true,"href":"https:\/\/sitemakers.com.br\/bm\/index.php\/wp-json\/wp\/v2\/users\/1"}],"replies":[{"embeddable":true,"href":"https:\/\/sitemakers.com.br\/bm\/index.php\/wp-json\/wp\/v2\/comments?post=11"}],"version-history":[{"count":34,"href":"https:\/\/sitemakers.com.br\/bm\/index.php\/wp-json\/wp\/v2\/pages\/11\/revisions"}],"predecessor-version":[{"id":403,"href":"https:\/\/sitemakers.com.br\/bm\/index.php\/wp-json\/wp\/v2\/pages\/11\/revisions\/403"}],"wp:attachment":[{"href":"https:\/\/sitemakers.com.br\/bm\/index.php\/wp-json\/wp\/v2\/media?parent=11"}],"curies":[{"name":"wp","href":"https:\/\/api.w.org\/{rel}","templated":true}]}}